{"id":1705,"date":"2020-05-20T10:09:56","date_gmt":"2020-05-20T15:09:56","guid":{"rendered":"https:\/\/www.proyectoduo.org\/?page_id=1705"},"modified":"2026-01-23T11:12:20","modified_gmt":"2026-01-23T16:12:20","slug":"ueber-uns","status":"publish","type":"page","link":"https:\/\/www.proyectoduo.org\/de\/ueber-uns\/","title":{"rendered":"\u00dcber Uns"},"content":{"rendered":"<div class=\"wpb-content-wrapper\"><p>[vc_row full_width=&#8220;stretch_row&#8220; bg_type=&#8220;image&#8220; parallax_style=&#8220;vcpb-vz-jquery&#8220; bg_image_new=&#8220;id^1085|url^http:\/\/www.proyectoduo.org\/wp-content\/uploads\/2019\/09\/quienes-somos-banner.jpg|caption^null|alt^null|title^quienes-somos-banner|description^null&#8220; bg_image_repeat=&#8220;no-repeat&#8220; parallax_sense=&#8220;20&#8243; css=&#8220;.vc_custom_1568920528518{padding-top: 100px !important;padding-bottom: 100px !important;}&#8220; el_class=&#8220;text-white&#8220;][vc_column][vc_column_text]<\/p>\n<h1 style=\"text-align: center;\"><strong>\u00dcber<\/strong><br \/>\n<strong>Uns<\/strong><\/h1>\n<p>[\/vc_column_text][\/vc_column][\/vc_row][vc_row full_width=&#8220;stretch_row&#8220; css=&#8220;.vc_custom_1568932513407{padding-top: 85px !important;padding-bottom: 85px !important;background-color: #f2f2f2 !important;}&#8220;][vc_column][vc_row_inner][vc_column_inner][vc_column_text el_class=&#8220;text-center&#8220;]<\/p>\n<h3 class=\"text-black text-font-big\" style=\"font-size: 28px;\">Das Hilfsprojekt <span style=\"color: #2e308f;\">DUO<\/span> ist ein Programm der <a href=\"http:\/\/www.isaiasduarte.org\/\"><span style=\"color: #2e308f;\">STIFTUNG ERZBISCHOF ISA\u00cdAS DUARTE CANCINO<\/span><\/a>, und setzt sich aus einem engagierten Team von Menschen zusammen, die die schwierige soziale Situation der Kinder in einem gef\u00e4hrlichen Armenviertel von Cali \u00e4ndern wollen und daher alles daran setzten, den Kindern eine besser Zukunft zu erm\u00f6glichen.<\/h3>\n<p>[\/vc_column_text][\/vc_column_inner][\/vc_row_inner][vc_row_inner][vc_column_inner width=&#8220;1\/6&#8243;][\/vc_column_inner][vc_column_inner width=&#8220;2\/3&#8243;][vc_column_text el_class=&#8220;text-center&#8220;]DUO wurde 2002 auf Initiative einer Sozialarbeiterin aus dem Armenviertel El Retiro, Aguablanca, geboren, die sah, wie Kinder auf der Stra\u00dfe aufwuchsen \u2013 unterern\u00e4hrt, ohne Bildung oder Rechte und viele ohne Nationalit\u00e4t, da sie nicht als kolumbianische Staatsb\u00fcrger registriert waren. Auf ihrer Suche traf sie zwei Fachleute, die mit ihrem Wissen, ihrer Erfahrung, ihren Ressourcen, ihren Beziehungen und vor allem ihrem Engagement ein Team bildeten, das die Initiative zur Gr\u00fcndung vom Projekt DUO gaben.[\/vc_column_text][\/vc_column_inner][vc_column_inner width=&#8220;1\/6&#8243;][\/vc_column_inner][\/vc_row_inner]<div id=\"ultimate-heading-84706a095ccd319fd\" class=\"uvc-heading ult-adjust-bottom-margin ultimate-heading-84706a095ccd319fd uvc-5023 \" data-hspacer=\"line_only\"  data-halign=\"center\" style=\"text-align:center\"><div class=\"uvc-heading-spacer line_only\" style=\"topheight:1px;\"><span class=\"uvc-headings-line\" style=\"border-style:solid;border-bottom-width:1px;border-color:#ffd100;width:150px;\"><\/span><\/div><\/div>[\/vc_column][\/vc_row][vc_row full_width=&#8220;stretch_row&#8220; css=&#8220;.vc_custom_1568932518763{padding-top: 70px !important;padding-bottom: 70px !important;background-image: url(http:\/\/www.proyectoduo.org\/wp-content\/uploads\/2019\/09\/dame-otra-oportunidad.jpg?id=1089) !important;background-position: center !important;background-repeat: no-repeat !important;background-size: cover !important;}&#8220; el_class=&#8220;dame-una-oportunidad-seccion&#8220;][vc_column][vc_row_inner][vc_column_inner width=&#8220;5\/12&#8243;][vc_column_text]<\/p>\n<h3 class=\"dame-una-oportunidad-text\"><span class=\"text-white\">Gib mir<br \/>\n<\/span>eine Chance<\/h3>\n<p>[\/vc_column_text][\/vc_column_inner][vc_column_inner width=&#8220;7\/12&#8243;][\/vc_column_inner][\/vc_row_inner][\/vc_column][\/vc_row][vc_row full_width=&#8220;stretch_row&#8220; css=&#8220;.vc_custom_1572554692436{padding-top: 30px !important;padding-bottom: 30px !important;background-color: #ffffff !important;}&#8220;][vc_column][vc_row_inner content_placement=&#8220;middle&#8220;][vc_column_inner width=&#8220;7\/12&#8243;][vc_column_text]Bis heute hat eine gro\u00dfe Anzahl von Kindern und Jugendlichen aus dem Armenviertel Aguablanca das Projekt DUO durchlaufen. In diesem Viertel sind Kinder und Jugendliche aufgrund bitterer Armut, Kindesmissbrauch, Analphabetismus und hoher Jugendkriminalit\u00e4t besonders gef\u00e4hrdet und eine Unterst\u00fctzung der schw\u00e4chsten Bev\u00f6lkerungsgruppe absolut notwendig.<\/p>\n<p>Die von Projekt DUO entwickelten Programme und Aktivit\u00e4ten, die zur Verbesserung der Lebensqualit\u00e4t von Kindern in diesen Armenvierteln beitragen, erfordern eine st\u00e4ndige Unterst\u00fctzung. Menschen k\u00f6nnen sich mit dem Hilfsprojekt verbinden, indem sie Paten f\u00fcr Kinder sind, spenden oder sich als freiwillige Helfer melden.[\/vc_column_text][\/vc_column_inner][vc_column_inner width=&#8220;5\/12&#8243;][vc_single_image image=&#8220;2191&#8243; img_size=&#8220;full&#8220; css=&#8220;&#8220;][\/vc_column_inner][\/vc_row_inner]<div id=\"ultimate-heading-2996a095ccd31a52\" class=\"uvc-heading ult-adjust-bottom-margin ultimate-heading-2996a095ccd31a52 uvc-6808 \" data-hspacer=\"line_only\"  data-halign=\"center\" style=\"text-align:center\"><div class=\"uvc-heading-spacer line_only\" style=\"topheight:1px;\"><span class=\"uvc-headings-line\" style=\"border-style:solid;border-bottom-width:1px;border-color:#ffd100;width:150px;\"><\/span><\/div><\/div>[vc_row_inner css=&#8220;.vc_custom_1568921872989{margin-top: 35px !important;}&#8220;][vc_column_inner width=&#8220;1\/4&#8243;][\/vc_column_inner][vc_column_inner width=&#8220;1\/2&#8243;][vc_column_text el_class=&#8220;text-center&#8220;]DUO bietet aufgenommenen Kindern gute Perspektiven f\u00fcr ihre Zukunft, sodass sie auch ein Vorbild f\u00fcr andere Kinder in ihrem Viertel sind.<\/p>\n<p>Die Gr\u00fcnder des Projektes DUO hatten enge Kontakte zu Erzbischof Isa\u00edas Duarte Cancino, der das Hilfsprojet unterst\u00fctzte.[\/vc_column_text][\/vc_column_inner][vc_column_inner width=&#8220;1\/4&#8243;][\/vc_column_inner][\/vc_row_inner]<div id=\"ultimate-heading-89726a095ccd31a8f\" class=\"uvc-heading ult-adjust-bottom-margin ultimate-heading-89726a095ccd31a8f uvc-2761 \" data-hspacer=\"line_only\"  data-halign=\"center\" style=\"text-align:center\"><div class=\"uvc-heading-spacer line_only\" style=\"topheight:1px;\"><span class=\"uvc-headings-line\" style=\"border-style:solid;border-bottom-width:1px;border-color:#ffd100;width:150px;\"><\/span><\/div><\/div>[\/vc_column][\/vc_row][vc_row full_width=&#8220;stretch_row&#8220; css=&#8220;.vc_custom_1572554818574{padding-top: 30px !important;padding-bottom: 30px !important;background-color: #f0f0f0 !important;}&#8220;][vc_column][vc_single_image image=&#8220;2194&#8243; img_size=&#8220;full&#8220; alignment=&#8220;center&#8220; css=&#8220;.vc_custom_1769184739092{margin-top: 35px !important;}&#8220;][vc_row_inner][vc_column_inner width=&#8220;1\/2&#8243;][vc_column_text]Die Familie von Erzbischof Isa\u00edas Duarte Cancino gr\u00fcndete nach seiner Beerdigung am 19. M\u00e4rz 2002 in Cali die Stiftung, die das Leben und Werk des Erzbischofs von Cali verewigen soll und die in seinem Motto zusammengefasst ist: \u201eEin lebendiges Kolumbien, frei und in Frieden\u201c.[\/vc_column_text][\/vc_column_inner][vc_column_inner width=&#8220;1\/2&#8243;][vc_column_text]Als die Stiftung von dem <strong>Projekt DUO<\/strong> erfuhr, \u00f6ffneten sie ihre T\u00fcren, um die geplante Mission umzusetzen: &#8222;Die Verbesserung der Lebensqualit\u00e4t von Kindern in diesem Armenviertel durch ein Patenschaftsystem, das den Kindern ein umfassendes Paket bietet, wie etwa Bildung, Essen, Erholung, sinnvolle Nutzung der Freizeit sowie den Eltern Beratung in allen Lebenslagen gibt.\u201c Dank dieser Vereinigung ist es m\u00f6glich, dass Hunderte von Kindern in dem Armenviertel eine bessere Zukunft haben.[\/vc_column_text][\/vc_column_inner][\/vc_row_inner][vc_single_image image=&#8220;1739&#8243; img_size=&#8220;full&#8220; alignment=&#8220;center&#8220; onclick=&#8220;custom_link&#8220; link=&#8220;http:\/\/www.isaiasduarte.org\/&#8220;][\/vc_column][\/vc_row][vc_row full_width=&#8220;stretch_row&#8220; css=&#8220;.vc_custom_1568915546165{padding-top: 30px !important;padding-bottom: 30px !important;background-image: url(http:\/\/www.proyectoduo.org\/wp-content\/uploads\/2019\/09\/estas-interesado.jpg?id=1073) !important;background-position: center !important;background-repeat: no-repeat !important;background-size: cover !important;}&#8220; el_class=&#8220;section_dark&#8220;][vc_column][vc_row_inner content_placement=&#8220;middle&#8220;][vc_column_inner width=&#8220;1\/2&#8243;][vc_column_text]<\/p>\n<h2 class=\"text-white\" style=\"text-align: center;\">M\u00f6chten Sie mehr \u00fcber unser Projekt erfahren und sich uns anschlie\u00dfen?<\/h2>\n<p>[\/vc_column_text][vc_btn title=&#8220;kontaktiere uns&#8220; color=&#8220;white&#8220; size=&#8220;lg&#8220; align=&#8220;center&#8220; link=&#8220;url:https%3A%2F%2Fwww.proyectoduo.org%2Fde%2Fkontaktiere-uns%2F|title:Cont%C3%A1ctenos||&#8220;][\/vc_column_inner][vc_column_inner width=&#8220;1\/2&#8243;][\/vc_column_inner][\/vc_row_inner][\/vc_column][\/vc_row]<\/p>\n<\/div>","protected":false},"excerpt":{"rendered":"<p>[vc_row full_width=&#8220;stretch_row&#8220; bg_type=&#8220;image&#8220; parallax_style=&#8220;vcpb-vz-jquery&#8220; bg_image_new=&#8220;id^1085|url^http:\/\/www.proyectoduo.org\/wp-content\/uploads\/2019\/09\/quienes-somos-banner.jpg|caption^null|alt^null|title^quienes-somos-banner|description^null&#8220; bg_image_repeat=&#8220;no-repeat&#8220; parallax_sense=&#8220;20&#8243; css=&#8220;.vc_custom_1568920528518{padding-top: 100px !important;padding-bottom: 100px !important;}&#8220; el_class=&#8220;text-white&#8220;][vc_column][vc_column_text] \u00dcber Uns [\/vc_column_text][\/vc_column][\/vc_row][vc_row full_width=&#8220;stretch_row&#8220; css=&#8220;.vc_custom_1568932513407{padding-top: 85px !important;padding-bottom: 85px !important;background-color: #f2f2f2 !important;}&#8220;][vc_column][vc_row_inner][vc_column_inner][vc_column_text el_class=&#8220;text-center&#8220;] Das Hilfsprojekt DUO ist ein Programm der STIFTUNG ERZBISCHOF ISA\u00cdAS DUARTE CANCINO, und setzt sich aus einem engagierten Team von Menschen zusammen, die die schwierige soziale Situation der Kinder in read more&#8230;<\/p>\n<p><a class=\"btn btn-secondary understrap-read-more-link\" href=\"https:\/\/www.proyectoduo.org\/de\/ueber-uns\/\">Weiterlesen\u00a0\u2026<span class=\"screen-reader-text\"> from \u00dcber Uns<\/span><\/a><\/p>\n","protected":false},"author":1,"featured_media":0,"parent":0,"menu_order":0,"comment_status":"closed","ping_status":"closed","template":"page-templates\/fullwidthpage.php","meta":{"footnotes":""},"yst_prominent_words":[147,149,231,182,180,142,177,175,174,108,90,233,232,228,139,230,181,179,150,229],"class_list":["post-1705","page","type-page","status-publish","hentry"],"_links":{"self":[{"href":"https:\/\/www.proyectoduo.org\/de\/wp-json\/wp\/v2\/pages\/1705","targetHints":{"allow":["GET"]}}],"collection":[{"href":"https:\/\/www.proyectoduo.org\/de\/wp-json\/wp\/v2\/pages"}],"about":[{"href":"https:\/\/www.proyectoduo.org\/de\/wp-json\/wp\/v2\/types\/page"}],"author":[{"embeddable":true,"href":"https:\/\/www.proyectoduo.org\/de\/wp-json\/wp\/v2\/users\/1"}],"replies":[{"embeddable":true,"href":"https:\/\/www.proyectoduo.org\/de\/wp-json\/wp\/v2\/comments?post=1705"}],"version-history":[{"count":1,"href":"https:\/\/www.proyectoduo.org\/de\/wp-json\/wp\/v2\/pages\/1705\/revisions"}],"predecessor-version":[{"id":2210,"href":"https:\/\/www.proyectoduo.org\/de\/wp-json\/wp\/v2\/pages\/1705\/revisions\/2210"}],"wp:attachment":[{"href":"https:\/\/www.proyectoduo.org\/de\/wp-json\/wp\/v2\/media?parent=1705"}],"wp:term":[{"taxonomy":"yst_prominent_words","embeddable":true,"href":"https:\/\/www.proyectoduo.org\/de\/wp-json\/wp\/v2\/yst_prominent_words?post=1705"}],"curies":[{"name":"wp","href":"https:\/\/api.w.org\/{rel}","templated":true}]}}