{"id":1660,"date":"2020-05-20T09:56:56","date_gmt":"2020-05-20T14:56:56","guid":{"rendered":"https:\/\/www.proyectoduo.org\/?page_id=1660"},"modified":"2026-01-23T11:07:42","modified_gmt":"2026-01-23T16:07:42","slug":"start","status":"publish","type":"page","link":"https:\/\/www.proyectoduo.org\/de\/","title":{"rendered":"Start"},"content":{"rendered":"<div class=\"wpb-content-wrapper\"><p>[vc_row full_width=&#8220;stretch_row&#8220; content_placement=&#8220;middle&#8220; el_class=&#8220;text-white&#8220;][vc_column][rev_slider_vc alias=&#8220;slider-de&#8220;][\/vc_column][\/vc_row][vc_row full_width=&#8220;stretch_row&#8220; css=&#8220;.vc_custom_1568913869158{padding-top: 30px !important;padding-bottom: 30px !important;}&#8220;][vc_column][vc_row_inner][vc_column_inner width=&#8220;1\/6&#8243;][\/vc_column_inner][vc_column_inner width=&#8220;2\/3&#8243;][vc_column_text el_class=&#8220;text-center&#8220;]<\/p>\n<h2 style=\"text-align: center;\">WAS WIR TUN<\/h2>\n<p>[\/vc_column_text][\/vc_column_inner][vc_column_inner width=&#8220;1\/6&#8243;][\/vc_column_inner][\/vc_row_inner][vc_row_inner content_placement=&#8220;middle&#8220;][vc_column_inner width=&#8220;5\/12&#8243;][vc_single_image image=&#8220;2197&#8243; img_size=&#8220;full&#8220; alignment=&#8220;right&#8220; css=&#8220;&#8220; el_class=&#8220;img-center&#8220;][\/vc_column_inner][vc_column_inner width=&#8220;7\/12&#8243;][vc_column_text]<\/p>\n<h3><strong><img loading=\"lazy\" decoding=\"async\" class=\"alignnone size-full wp-image-1051\" src=\"https:\/\/www.proyectoduo.org\/wp-content\/uploads\/2019\/09\/icon-refuerzo-escolar.png\" alt=\"\" width=\"59\" height=\"59\" \/>\u00a0LERNHILFE<\/strong><\/h3>\n<p>[\/vc_column_text][vc_column_text]Seit 2002 bietet das Projekt DUO Schulbildung und Nachmittagsbetreuung an. Ziel ist es, die schulischen Leistungen von Kindern und Jugendlichen zu verbessern und ihnen nach der Pflichtschule die Chance auf eine weiterf\u00fchrende Berufsausbildung oder eine akademische Laufbahn zu erm\u00f6glichen.[\/vc_column_text][\/vc_column_inner][\/vc_row_inner][\/vc_column][\/vc_row][vc_row full_width=&#8220;stretch_row&#8220; css=&#8220;.vc_custom_1572550911828{padding-top: 30px !important;padding-bottom: 30px !important;background-color: #f0f0f0 !important;}&#8220;][vc_column][vc_row_inner content_placement=&#8220;middle&#8220;][vc_column_inner width=&#8220;7\/12&#8243;][vc_column_text]<\/p>\n<h3><strong><img loading=\"lazy\" decoding=\"async\" class=\"alignnone size-full wp-image-1051\" src=\"https:\/\/www.proyectoduo.org\/wp-content\/uploads\/2019\/09\/aprovechamiento-tiempo-libre.png\" alt=\"\" width=\"59\" height=\"59\" \/>\u00a0ERG\u00c4NZENDE AKTIVIT\u00c4TEN<\/strong><\/h3>\n<p>[\/vc_column_text][vc_column_text]Die Kinder haben die M\u00f6glichkeit, an Workshops und Aktivit\u00e4ten teilzunehmen, die die Schulbildung erg\u00e4nzen und die pers\u00f6nliche Entwicklung der Kinder f\u00f6rdern sollen. Diese Aktivit\u00e4ten sollen unter anderem Werte, Spiritualit\u00e4t und Ethik vermitteln, damit die Kinder und Jugendlichen erkennen, dass auch ein anderes soziales Leben au\u00dferhalb des Armenviertels m\u00f6glich ist. Einige Ausfl\u00fcge in eine andere soziale Umgebung entstehen durch direkte Beitr\u00e4ge von DUO-Sponsoren.[\/vc_column_text][\/vc_column_inner][vc_column_inner width=&#8220;5\/12&#8243;][vc_single_image image=&#8220;2179&#8243; img_size=&#8220;full&#8220; css=&#8220;&#8220; el_class=&#8220;img-center&#8220;][\/vc_column_inner][\/vc_row_inner][\/vc_column][\/vc_row][vc_row full_width=&#8220;stretch_row&#8220; css=&#8220;.vc_custom_1568913860536{padding-top: 30px !important;padding-bottom: 30px !important;background-color: #ffd100 !important;}&#8220;][vc_column][vc_row_inner content_placement=&#8220;middle&#8220;][vc_column_inner width=&#8220;5\/12&#8243;][vc_single_image image=&#8220;2182&#8243; img_size=&#8220;full&#8220; alignment=&#8220;right&#8220; css=&#8220;&#8220; el_class=&#8220;img-center&#8220;][\/vc_column_inner][vc_column_inner width=&#8220;7\/12&#8243;][vc_column_text]<\/p>\n<h3><strong><img loading=\"lazy\" decoding=\"async\" class=\"alignnone size-full wp-image-1051\" src=\"https:\/\/www.proyectoduo.org\/wp-content\/uploads\/2019\/09\/alimentacion-escolar-1.png\" alt=\"\" width=\"59\" height=\"59\" \/>\u00a0AUSSPEISUNG<\/strong><\/h3>\n<p>[\/vc_column_text][vc_column_text]Jeden Tag erhalten die Kinder gem\u00e4\u00df ihrer besonderen Situation ein Mittagessen und einen Snack, um eine gesunde Ern\u00e4hrung und Entwicklung zu gew\u00e4hrleisten. Halbj\u00e4hrlich wird ein Ern\u00e4hrungsscreening durchgef\u00fchrt, das zu einem Ern\u00e4hrungsplan f\u00fchrt. Weiters werden Workshops mit den Kindern durchgef\u00fchrt, um ihnen die Wertigkeit eines gesunden Essens beizubringen.[\/vc_column_text][\/vc_column_inner][\/vc_row_inner][\/vc_column][\/vc_row][vc_row full_width=&#8220;stretch_row&#8220; css=&#8220;.vc_custom_1568913869158{padding-top: 30px !important;padding-bottom: 30px !important;}&#8220;][vc_column][vc_row_inner content_placement=&#8220;middle&#8220;][vc_column_inner width=&#8220;7\/12&#8243;][vc_column_text]<\/p>\n<h3><strong><img loading=\"lazy\" decoding=\"async\" class=\"alignnone size-full wp-image-1051\" src=\"https:\/\/www.proyectoduo.org\/wp-content\/uploads\/2019\/09\/talleres-artisticos-icon.png\" alt=\"\" width=\"59\" height=\"59\" \/>\u00a0K\u00dcNSTLERISCHE AKTIVIT\u00c4TEN<\/strong><\/h3>\n<p>[\/vc_column_text][vc_column_text]In der Aus\u00fcbung k\u00fcnstlerische Aktivit\u00e4ten lernen die Kinder sich selbst besser kennen, lernen von ihren Freuden und \u00fcben Disziplin, Respekt und Teamwork. Tanz st\u00e4rkt ihre kulturellen Wurzeln und Gesangsstunden schaffen R\u00e4ume der Ruhe und Verinnerlichung der Musik. Kinder erfahren, was es bedeutet, f\u00fcr Leistung zu arbeiten und im Erfolg zu triumphieren. Manchmal gibt es Auff\u00fchrungen f\u00fcr Paten und Spender, die dann das Talent und den Einsatz der Kinder bewundern k\u00f6nnen.[\/vc_column_text][\/vc_column_inner][vc_column_inner width=&#8220;5\/12&#8243;][vc_single_image image=&#8220;2200&#8243; img_size=&#8220;full&#8220; css=&#8220;&#8220; el_class=&#8220;img-center&#8220;][\/vc_column_inner][\/vc_row_inner][\/vc_column][\/vc_row][vc_row full_width=&#8220;stretch_row&#8220; css=&#8220;.vc_custom_1572550894488{padding-top: 30px !important;padding-bottom: 30px !important;background-color: #f0f0f0 !important;}&#8220;][vc_column][vc_row_inner content_placement=&#8220;middle&#8220;][vc_column_inner width=&#8220;5\/12&#8243;][vc_single_image image=&#8220;2188&#8243; img_size=&#8220;full&#8220; alignment=&#8220;right&#8220; css=&#8220;&#8220; el_class=&#8220;img-center&#8220;][\/vc_column_inner][vc_column_inner width=&#8220;7\/12&#8243;][vc_column_text]<\/p>\n<h3><strong><img loading=\"lazy\" decoding=\"async\" class=\"alignnone size-full wp-image-1051\" src=\"https:\/\/www.proyectoduo.org\/wp-content\/uploads\/2019\/09\/icon-refuerzo-escolar.png\" alt=\"\" width=\"59\" height=\"59\" \/>\u00a0SCHULAUSSTATTUNG<\/strong><\/h3>\n<p>[\/vc_column_text][vc_column_text]Zu Beginn eines jeden Schuljahres erhalten die Kinder ihre Uniformen und Schulsachen, zur Verf\u00fcgung gestellt vom Projekt DUO. Zur Wertsch\u00e4tzung leisten auch die Eltern einen kleinen Beitrag zur Schulausstattung.[\/vc_column_text][\/vc_column_inner][\/vc_row_inner][\/vc_column][\/vc_row][vc_row full_width=&#8220;stretch_row&#8220; css=&#8220;.vc_custom_1568913860536{padding-top: 30px !important;padding-bottom: 30px !important;background-color: #ffd100 !important;}&#8220;][vc_column][vc_row_inner content_placement=&#8220;middle&#8220;][vc_column_inner width=&#8220;7\/12&#8243;][vc_column_text]<\/p>\n<h3><strong><img loading=\"lazy\" decoding=\"async\" class=\"alignnone size-full wp-image-1051\" src=\"https:\/\/www.proyectoduo.org\/wp-content\/uploads\/2019\/09\/programas-complementarios-icon.png\" alt=\"\" width=\"59\" height=\"59\" \/>\u00a0ERG\u00c4NZENDE GESUNDHEITSPROGRAMME<\/strong><\/h3>\n<p>[\/vc_column_text][vc_column_text]Mit Unterst\u00fctzung von Instituten und Unternehmen werden eine Reihe von medizinischen Routineuntersuchungen durchgef\u00fchrt sowie individuelle Konsultationen bei Fach\u00e4rzten und Psychologen erm\u00f6glicht.[\/vc_column_text][\/vc_column_inner][vc_column_inner width=&#8220;5\/12&#8243;][vc_single_image image=&#8220;1697&#8243; img_size=&#8220;full&#8220; alignment=&#8220;right&#8220; el_class=&#8220;img-center&#8220;][\/vc_column_inner][\/vc_row_inner][\/vc_column][\/vc_row][vc_row full_width=&#8220;stretch_row&#8220; css=&#8220;.vc_custom_1568915115172{padding-top: 30px !important;padding-bottom: 30px !important;}&#8220;][vc_column][vc_row_inner content_placement=&#8220;middle&#8220;][vc_column_inner][vc_single_image image=&#8220;1796&#8243; img_size=&#8220;full&#8220; alignment=&#8220;center&#8220;][vc_column_text]<\/p>\n<h3 style=\"text-align: center;\"><strong>Das Hilfsprojekt DUO ist ein Programm der STIFTUNG ERZBISCHOF ISA\u00cdAS DUARTE CANCINO und setzt sich aus einem engagierten Team von Menschen zusammen, die die schwierige soziale Situation der Kinder in einem gef\u00e4hrlichen Armenviertel von Cali \u00e4ndern wollen und daher alles daran setzten, den Kindern eine besser Zukunft zu erm\u00f6glichen.<\/strong><\/h3>\n<p>[\/vc_column_text][vc_separator color=&#8220;custom&#8220; el_width=&#8220;50&#8243; accent_color=&#8220;#ffd100&#8243;][\/vc_column_inner][\/vc_row_inner][\/vc_column][\/vc_row][vc_row full_width=&#8220;stretch_row&#8220; css=&#8220;.vc_custom_1568915546165{padding-top: 30px !important;padding-bottom: 30px !important;background-image: url(http:\/\/www.proyectoduo.org\/wp-content\/uploads\/2019\/09\/estas-interesado.jpg?id=1073) !important;background-position: center !important;background-repeat: no-repeat !important;background-size: cover !important;}&#8220; el_class=&#8220;section_dark&#8220;][vc_column][vc_row_inner content_placement=&#8220;middle&#8220;][vc_column_inner width=&#8220;1\/2&#8243;][vc_column_text]<\/p>\n<h2 class=\"text-white\" style=\"text-align: center;\">M\u00f6chten Sie mehr \u00fcber unser Projekt erfahren und sich uns anschlie\u00dfen?<\/h2>\n<p>[\/vc_column_text][vc_btn title=&#8220;kontaktiere uns&#8220; color=&#8220;white&#8220; size=&#8220;lg&#8220; align=&#8220;center&#8220; link=&#8220;url:https%3A%2F%2Fwww.proyectoduo.org%2Fde%2Fkontaktiere-uns%2F|title:Cont%C3%A1ctenos||&#8220;][\/vc_column_inner][vc_column_inner width=&#8220;1\/2&#8243;][\/vc_column_inner][\/vc_row_inner][\/vc_column][\/vc_row]<\/p>\n<\/div>","protected":false},"excerpt":{"rendered":"<p>[vc_row full_width=&#8220;stretch_row&#8220; content_placement=&#8220;middle&#8220; el_class=&#8220;text-white&#8220;][vc_column][rev_slider_vc alias=&#8220;slider-de&#8220;][\/vc_column][\/vc_row][vc_row full_width=&#8220;stretch_row&#8220; css=&#8220;.vc_custom_1568913869158{padding-top: 30px !important;padding-bottom: 30px !important;}&#8220;][vc_column][vc_row_inner][vc_column_inner width=&#8220;1\/6&#8243;][\/vc_column_inner][vc_column_inner width=&#8220;2\/3&#8243;][vc_column_text el_class=&#8220;text-center&#8220;] WAS WIR TUN [\/vc_column_text][\/vc_column_inner][vc_column_inner width=&#8220;1\/6&#8243;][\/vc_column_inner][\/vc_row_inner][vc_row_inner content_placement=&#8220;middle&#8220;][vc_column_inner width=&#8220;5\/12&#8243;][vc_single_image image=&#8220;2197&#8243; img_size=&#8220;full&#8220; alignment=&#8220;right&#8220; css=&#8220;&#8220; el_class=&#8220;img-center&#8220;][\/vc_column_inner][vc_column_inner width=&#8220;7\/12&#8243;][vc_column_text] \u00a0LERNHILFE [\/vc_column_text][vc_column_text]Seit 2002 bietet das Projekt DUO Schulbildung und Nachmittagsbetreuung an. Ziel ist es, die schulischen Leistungen von Kindern und Jugendlichen zu verbessern und ihnen nach der Pflichtschule read more&#8230;<\/p>\n<p><a class=\"btn btn-secondary understrap-read-more-link\" href=\"https:\/\/www.proyectoduo.org\/de\/\">Weiterlesen\u00a0\u2026<span class=\"screen-reader-text\"> from Start<\/span><\/a><\/p>\n","protected":false},"author":1,"featured_media":0,"parent":0,"menu_order":0,"comment_status":"closed","ping_status":"closed","template":"page-templates\/fullwidthpage.php","meta":{"footnotes":""},"yst_prominent_words":[130,134,236,133,131,235,122,155,137,128,140,138,129,141,227,139,121,135,127,234],"class_list":["post-1660","page","type-page","status-publish","hentry"],"_links":{"self":[{"href":"https:\/\/www.proyectoduo.org\/de\/wp-json\/wp\/v2\/pages\/1660","targetHints":{"allow":["GET"]}}],"collection":[{"href":"https:\/\/www.proyectoduo.org\/de\/wp-json\/wp\/v2\/pages"}],"about":[{"href":"https:\/\/www.proyectoduo.org\/de\/wp-json\/wp\/v2\/types\/page"}],"author":[{"embeddable":true,"href":"https:\/\/www.proyectoduo.org\/de\/wp-json\/wp\/v2\/users\/1"}],"replies":[{"embeddable":true,"href":"https:\/\/www.proyectoduo.org\/de\/wp-json\/wp\/v2\/comments?post=1660"}],"version-history":[{"count":2,"href":"https:\/\/www.proyectoduo.org\/de\/wp-json\/wp\/v2\/pages\/1660\/revisions"}],"predecessor-version":[{"id":2207,"href":"https:\/\/www.proyectoduo.org\/de\/wp-json\/wp\/v2\/pages\/1660\/revisions\/2207"}],"wp:attachment":[{"href":"https:\/\/www.proyectoduo.org\/de\/wp-json\/wp\/v2\/media?parent=1660"}],"wp:term":[{"taxonomy":"yst_prominent_words","embeddable":true,"href":"https:\/\/www.proyectoduo.org\/de\/wp-json\/wp\/v2\/yst_prominent_words?post=1660"}],"curies":[{"name":"wp","href":"https:\/\/api.w.org\/{rel}","templated":true}]}}